{"id":2172,"date":"2020-10-13T20:14:52","date_gmt":"2020-10-13T20:14:52","guid":{"rendered":"https:\/\/islasmarietas.com\/?page_id=2172"},"modified":"2020-10-14T16:25:03","modified_gmt":"2020-10-14T16:25:03","slug":"tips-y-recomendaciones","status":"publish","type":"page","link":"https:\/\/islasmarietas.com\/es\/tips-y-recomendaciones\/","title":{"rendered":"Tips y recomendaciones"},"content":{"rendered":"<div class=\"wpb-content-wrapper\"><p>[vc_row content_placement=\u00bbmiddle\u00bb][vc_column width=\u00bb2\/4&#8243; css=\u00bb.vc_custom_1467360650255{margin-top: 10px !important;margin-bottom: 10px !important;padding-top: 0px !important;padding-right: 40px !important;}\u00bb]<div style=\"background-color:;height: 10px\" class=\"nicdark_section  \"><\/div> <h2 style=\"color:;padding:px;text-align:right;font-size:30px;line-height:30px;letter-spacing: 0px;font-weight:bold\" class=\"  nd_options_text_align_center_responsive_important nd_options_first_font \">Tips para el tour<\/h2> [\/vc_column][vc_column width=\u00bb1\/4&#8243; css=\u00bb.vc_custom_1467207292391{margin-top: 10px !important;margin-bottom: 10px !important;padding-top: 0px !important;}\u00bb]<div style=\"background-color:;height: 20px\" class=\"nicdark_section  \"><\/div>[vc_column_text el_class=\u00bbnd_options_text_align_center_responsive\u00bb]<span style=\"font-weight: 400;\">Esta es una de las preguntas m\u00e1s frecuentes, ya que las Islas Marietas est\u00e1n protegidas por la UNESCO<\/span>[\/vc_column_text]<div style=\"background-color:;height: 20px\" class=\"nicdark_section  \"><\/div>[vc_column_text el_class=\u00bbnd_options_text_align_center_responsive\u00bb]<strong>Qu\u00e9 NO traer:<\/strong><\/p>\n<p>\u2717 <span style=\"font-weight: 400;\">cigarrillos<\/span><br \/>\n\u2717 <span style=\"font-weight: 400;\">comida<\/span><br \/>\n\u2717 <span style=\"font-weight: 400;\">bebidas<\/span><br \/>\n\u2717 <span style=\"font-weight: 400;\">Art\u00edculos innecesarios<\/span>[\/vc_column_text][\/vc_column][vc_column width=\u00bb1\/4&#8243; css=\u00bb.vc_custom_1467207298589{margin-top: 10px !important;margin-bottom: 10px !important;padding-top: 0px !important;}\u00bb]<div style=\"background-color:;height: 20px\" class=\"nicdark_section  \"><\/div>[vc_column_text el_class=\u00bbnd_options_text_align_center_responsive\u00bb]<span style=\"font-weight: 400;\">Una vez que regreses al barco, no est\u00e1 permitido traer nada de las islas como recuerdo.<\/span>[\/vc_column_text]<div style=\"background-color:;height: 20px\" class=\"nicdark_section  \"><\/div>[vc_column_text el_class=\u00bbnd_options_text_align_center_responsive\u00bb]<strong>Qu\u00e9 traer:<\/strong><\/p>\n<p><span class=\"elementor-icon-list-text\"><i class=\"fas fa-check\" aria-hidden=\"true\">\u2713\u00a0<\/i> <span style=\"font-weight: 400;\">Toalla<\/span><\/span><br \/>\n<i class=\"fas fa-check\" aria-hidden=\"true\">\u2713\u00a0<\/i> <span style=\"font-weight: 400;\">Ropa de playa<\/span><span style=\"font-weight: 400;\"> c\u00f3moda<\/span><br \/>\n<i class=\"fas fa-check\" aria-hidden=\"true\">\u2713\u00a0 <\/i><span style=\"font-weight: 400;\">Protector solar<\/span><br \/>\n<i class=\"fas fa-check\" aria-hidden=\"true\">\u2713 <\/i><span style=\"font-weight: 400;\">Su\u00e9ter ligero s\u00f3lo en invierno<\/span>[\/vc_column_text][\/vc_column][\/vc_row][vc_row css=\u00bb.vc_custom_1492510780167{margin-top: 30px !important;}\u00bb][vc_column width=\u00bb1\/3&#8243;]<div style=\"background-color:;height: 10px\" class=\"nicdark_section  \"><\/div>\n\n  <!--START team-->\n  <div class=\" nd_options_team_component_l5 nd_options_section nd_options_box_sizing_border_box nd_options_team_element \">    \n    <div class=\"nd_options_section nd_options_position_relative\">\n\n      <img decoding=\"async\" alt=\"\" class=\"nd_options_section\" src=\"https:\/\/islasmarietas.com\/wp-content\/uploads\/2020\/10\/kayak-846078_1920-1024x725.jpg\">\n\n      <div class=\"nd_options_bg_greydark_alpha_gradient_3 nd_options_position_absolute nd_options_left_0 nd_options_height_100_percentage nd_options_width_100_percentage nd_options_box_sizing_border_box\">\n        <div class=\"nd_options_position_absolute nd_options_bottom_30 nd_options_width_100_percentage nd_options_padding_botttom_0 nd_options_padding_50 nd_options_box_sizing_border_box nd_options_text_align_center\">\n          <h3 class=\"nd_options_color_white\">Actividades<\/h3>\n          <div class=\"nd_options_section nd_options_height_10\"><\/div>\n          <h6 class=\"nd_options_color_white\"><strong>Kayak &amp; Snorkeling<\/strong><\/h6>\n        <\/div>\n      <\/div>\n\n    <\/div>\n  <\/div>\n  <!--END team-->\n<div style=\"background-color:;height: 10px\" class=\"nicdark_section  \"><\/div>[\/vc_column][vc_column width=\u00bb1\/3&#8243;]<div style=\"background-color:;height: 10px\" class=\"nicdark_section  \"><\/div>\n\n  <!--START team-->\n  <div class=\" nd_options_team_component_l5 nd_options_section nd_options_box_sizing_border_box nd_options_team_element \">    \n    <div class=\"nd_options_section nd_options_position_relative\">\n\n      <img decoding=\"async\" alt=\"\" class=\"nd_options_section\" src=\"https:\/\/islasmarietas.com\/wp-content\/uploads\/2020\/10\/Untitled-Design-6-1024x768.jpg\">\n\n      <div class=\"nd_options_bg_greydark_alpha_gradient_3 nd_options_position_absolute nd_options_left_0 nd_options_height_100_percentage nd_options_width_100_percentage nd_options_box_sizing_border_box\">\n        <div class=\"nd_options_position_absolute nd_options_bottom_30 nd_options_width_100_percentage nd_options_padding_botttom_0 nd_options_padding_50 nd_options_box_sizing_border_box nd_options_text_align_center\">\n          <h3 class=\"nd_options_color_white\">Naturaleza<\/h3>\n          <div class=\"nd_options_section nd_options_height_10\"><\/div>\n          <h6 class=\"nd_options_color_white\"><strong>Observaci\u00f3n de ballenas<\/strong><\/h6>\n        <\/div>\n      <\/div>\n\n    <\/div>\n  <\/div>\n  <!--END team-->\n<div style=\"background-color:;height: 10px\" class=\"nicdark_section  \"><\/div>[\/vc_column][vc_column width=\u00bb1\/3&#8243;]<div style=\"background-color:;height: 10px\" class=\"nicdark_section  \"><\/div>\n\n  <!--START team-->\n  <div class=\" nd_options_team_component_l5 nd_options_section nd_options_box_sizing_border_box nd_options_team_element \">    \n    <div class=\"nd_options_section nd_options_position_relative\">\n\n      <img decoding=\"async\" alt=\"\" class=\"nd_options_section\" src=\"https:\/\/islasmarietas.com\/wp-content\/uploads\/2020\/09\/IMG-20170504-WA0052-1024x768.jpg\">\n\n      <div class=\"nd_options_bg_greydark_alpha_gradient_3 nd_options_position_absolute nd_options_left_0 nd_options_height_100_percentage nd_options_width_100_percentage nd_options_box_sizing_border_box\">\n        <div class=\"nd_options_position_absolute nd_options_bottom_30 nd_options_width_100_percentage nd_options_padding_botttom_0 nd_options_padding_50 nd_options_box_sizing_border_box nd_options_text_align_center\">\n          <h3 class=\"nd_options_color_white\">Diversi\u00f3n<\/h3>\n          <div class=\"nd_options_section nd_options_height_10\"><\/div>\n          <h6 class=\"nd_options_color_white\"><strong>Acceso a la playa escondida<\/strong><\/h6>\n        <\/div>\n      <\/div>\n\n    <\/div>\n  <\/div>\n  <!--END team-->\n<div style=\"background-color:;height: 10px\" class=\"nicdark_section  \"><\/div>[\/vc_column][\/vc_row][vc_row full_width=\u00bbstretch_row\u00bb parallax=\u00bbcontent-moving\u00bb parallax_image=\u00bb2049&#8243; css=\u00bb.vc_custom_1602089709230{margin-top: 60px !important;padding-top: 100px !important;padding-bottom: 100px !important;}\u00bb el_class=\u00bbnd_options_vc_parallax_filter_2_2&#8243;][vc_column]\n\n\n    <div class=\"nd_options_section nd_options_position_relative \">\n        <img decoding=\"async\" alt=\"\" class=\"nd_options_position_absolute nd_options_left_0\" width=\"55\" src=\"\">\n        <div class=\"nd_options_section nd_options_padding_left_80 nd_options_box_sizing_border_box\">\n            <h1 class=\"nd_options_font_size_40 nd_options_line_height_50\" style=\"color:#ffffff\"><strong>Prep\u00e1rate para una divertida aventura<\/strong><\/h1>\n        <\/div>\n    <\/div>\n\n\n  <div style=\"background-color:;height: 70px\" class=\"nicdark_section  \"><\/div>[\/vc_column][\/vc_row][vc_row css=\u00bb.vc_custom_1492511016596{margin-top: 40px !important;margin-bottom: 20px !important;}\u00bb][vc_column el_class=\u00bbnd_options_text_align_center\u00bb] <h2 style=\"color:;padding:px;text-align:center;font-size:36px;line-height:36px;letter-spacing: 0px;font-weight:bold\" class=\" nd_options_underline_effect nd_options_underline_effect_41  nd_options_first_font \"><u>Recomendaciones<\/u><\/h2> [\/vc_column][\/vc_row][vc_row css=\u00bb.vc_custom_1541512805626{margin-top: 45px !important;}\u00bb el_id=\u00bbnd_options_about_us_1_services_section\u00bb][vc_column width=\u00bb1\/12&#8243; el_class=\u00bbnd_options_text_align_center\u00bb][\/vc_column][vc_column width=\u00bb5\/12&#8243;]<div style=\"background-color:;height: 25px\" class=\"nicdark_section  \"><\/div>\n\n    <div class=\"nd_options_section nd_options_position_relative \">\n\n        <img decoding=\"async\" style=\"top:10px\" alt=\"\" class=\"nd_options_position_absolute nd_options_left_0\" width=\"50\" src=\"https:\/\/islasmarietas.com\/wp-content\/uploads\/2020\/10\/crema-solar.png\">\n\n        <div style=\"padding-left:70px\" class=\"nd_options_section nd_options_box_sizing_border_box\">\n            \n             \n            <p class=\"nd_options_second_font  \" style=\"margin:0px 0px 15px 0px;color:;font-size:14px;line-height:24px\">Aplicar el protector solar antes de bajar al mar, da tiempo para que el protector solar penetre bien en la piel y no ensucie el agua.<\/p> \n            <a class=\"nd_options_second_font nd_options_display_inline_block \" style=\"font-size:13px;line-height:13px;border-radius:30px;border: solid #ffffff;background-color:#f3a46b;padding:5px 20px;color:#ffffff\" rel=\"\" href=\"#\">Protector solar<\/a>\n\n        <\/div>\n\n    <\/div>\n\n  <div style=\"background-color:;height: 50px\" class=\"nicdark_section  \"><\/div>\n\n    <div class=\"nd_options_section nd_options_position_relative \">\n\n        <img decoding=\"async\" style=\"top:10px\" alt=\"\" class=\"nd_options_position_absolute nd_options_left_0\" width=\"50\" src=\"https:\/\/islasmarietas.com\/wp-content\/uploads\/2020\/10\/camara.png\">\n\n        <div style=\"padding-left:70px\" class=\"nd_options_section nd_options_box_sizing_border_box\">\n            \n             \n            <p class=\"nd_options_second_font  \" style=\"margin:0px 0px 15px 0px;color:;font-size:14px;line-height:24px\">Trae una c\u00e1mara a prueba de agua, o tel\u00e9fonos celulares. Otra opci\u00f3n es comprobar si el tour tiene un servicio de fotograf\u00eda.<\/p> \n            <a class=\"nd_options_second_font nd_options_display_inline_block \" style=\"font-size:13px;line-height:13px;border-radius:30px;border: solid #ffffff;background-color:#6fd626;padding:5px 20px;color:#ffffff\" rel=\"\" href=\"#\">C\u00e1mara<\/a>\n\n        <\/div>\n\n    <\/div>\n\n  <div style=\"background-color:;height: 25px\" class=\"nicdark_section  \"><\/div>[\/vc_column][vc_column width=\u00bb5\/12&#8243;]<div style=\"background-color:;height: 25px\" class=\"nicdark_section  \"><\/div>\n\n    <div class=\"nd_options_section nd_options_position_relative \">\n\n        <img decoding=\"async\" style=\"top:10px\" alt=\"\" class=\"nd_options_position_absolute nd_options_left_0\" width=\"50\" src=\"https:\/\/islasmarietas.com\/wp-content\/uploads\/2020\/10\/pastillas.png\">\n\n        <div style=\"padding-left:70px\" class=\"nd_options_section nd_options_box_sizing_border_box\">\n            \n             \n            <p class=\"nd_options_second_font  \" style=\"margin:0px 0px 15px 0px;color:;font-size:14px;line-height:24px\">Si cree que puede marearse f\u00e1cilmente, tome una p\u00edldora para prevenir los mareos por la ma\u00f1ana antes de subir.<\/p> \n            <a class=\"nd_options_second_font nd_options_display_inline_block \" style=\"font-size:13px;line-height:13px;border-radius:30px;border: solid #ffffff;background-color:#f76570;padding:5px 20px;color:#ffffff\" rel=\"\" href=\"#\">Mareos<\/a>\n\n        <\/div>\n\n    <\/div>\n\n  <div style=\"background-color:;height: 50px\" class=\"nicdark_section  \"><\/div>\n\n    <div class=\"nd_options_section nd_options_position_relative \">\n\n        <img decoding=\"async\" style=\"top:10px\" alt=\"\" class=\"nd_options_position_absolute nd_options_left_0\" width=\"50\" src=\"https:\/\/islasmarietas.com\/wp-content\/uploads\/2020\/10\/dinero.png\">\n\n        <div style=\"padding-left:70px\" class=\"nd_options_section nd_options_box_sizing_border_box\">\n            \n             \n            <p class=\"nd_options_second_font  \" style=\"margin:0px 0px 15px 0px;color:;font-size:14px;line-height:24px\">Lleva algo de dinero al tour, la propina es un buen karma.<\/p> \n            <a class=\"nd_options_second_font nd_options_display_inline_block \" style=\"font-size:13px;line-height:13px;border-radius:30px;border: solid #ffffff;background-color:#f3a46b;padding:5px 20px;color:#ffffff\" rel=\"\" href=\"#\">Tips<\/a>\n\n        <\/div>\n\n    <\/div>\n\n  <div style=\"background-color:;height: 25px\" class=\"nicdark_section  \"><\/div>[\/vc_column][vc_column width=\u00bb1\/12&#8243;][\/vc_column][\/vc_row][vc_row css=\u00bb.vc_custom_1492511016596{margin-top: 40px !important;margin-bottom: 20px !important;}\u00bb][vc_column el_class=\u00bbnd_options_text_align_center\u00bb]\n\t<div class=\"nd_options_section nd_options_text_align_center\">\n\t<a style=\"border: px solid;border-radius:30px;letter-spacing:1px;line-height:14px;font-size:14px;background-color:#555555;padding:15px 35px;margin:;color:#ffffff\" rel=\"\" href=\"http:\/\/wa.me\/+525554934026\" class=\"nicdark_display_inline_block  nd_options_font_weight_normal nd_options_second_font  \">BOOK NOW<\/a>\n\t<\/div>\n[\/vc_column][\/vc_row]<\/p>\n<\/div>","protected":false},"excerpt":{"rendered":"<p>[vc_row content_placement=\u00bbmiddle\u00bb][vc_column width=\u00bb2\/4&#8243; css=\u00bb.vc_custom_1467360650255{margin-top: 10px !important;margin-bottom: 10px !important;padding-top: 0px !important;padding-right: 40px !important;}\u00bb][\/vc_column][vc_column width=\u00bb1\/4&#8243; css=\u00bb.vc_custom_1467207292391{margin-top: 10px !important;margin-bottom: 10px !important;padding-top: 0px !important;}\u00bb][vc_column_text el_class=\u00bbnd_options_text_align_center_responsive\u00bb]Esta es una de las preguntas m\u00e1s frecuentes, ya que las Islas Marietas est\u00e1n protegidas por la UNESCO[\/vc_column_text][vc_column_text el_class=\u00bbnd_options_text_align_center_responsive\u00bb]Qu\u00e9 NO traer: \u2717 cigarrillos \u2717 comida \u2717 bebidas \u2717 Art\u00edculos innecesarios[\/vc_column_text][\/vc_column][vc_column width=\u00bb1\/4&#8243; css=\u00bb.vc_custom_1467207298589{margin-top: 10px !important;margin-bottom: 10px [&hellip;]<\/p>\n","protected":false},"author":1,"featured_media":0,"parent":0,"menu_order":0,"comment_status":"closed","ping_status":"closed","template":"","meta":{"_joinchat":[],"footnotes":""},"class_list":["post-2172","page","type-page","status-publish","hentry"],"yoast_head":"<!-- This site is optimized with the Yoast SEO plugin v26.0 - https:\/\/yoast.com\/wordpress\/plugins\/seo\/ -->\n<title>Tips y recomendaciones - Islas Marietas<\/title>\n<meta name=\"robots\" content=\"index, follow, max-snippet:-1, max-image-preview:large, max-video-preview:-1\" \/>\n<link rel=\"canonical\" href=\"https:\/\/islasmarietas.com\/es\/tips-y-recomendaciones\/\" \/>\n<meta property=\"og:locale\" content=\"es_ES\" \/>\n<meta property=\"og:type\" content=\"article\" \/>\n<meta property=\"og:title\" content=\"Tips y recomendaciones - Islas Marietas\" \/>\n<meta property=\"og:description\" content=\"[vc_row content_placement=\u00bbmiddle\u00bb][vc_column width=\u00bb2\/4&#8243; css=\u00bb.vc_custom_1467360650255{margin-top: 10px !important;margin-bottom: 10px !important;padding-top: 0px !important;padding-right: 40px !important;}\u00bb][\/vc_column][vc_column width=\u00bb1\/4&#8243; css=\u00bb.vc_custom_1467207292391{margin-top: 10px !important;margin-bottom: 10px !important;padding-top: 0px !important;}\u00bb][vc_column_text el_class=\u00bbnd_options_text_align_center_responsive\u00bb]Esta es una de las preguntas m\u00e1s frecuentes, ya que las Islas Marietas est\u00e1n protegidas por la UNESCO[\/vc_column_text][vc_column_text el_class=\u00bbnd_options_text_align_center_responsive\u00bb]Qu\u00e9 NO traer: \u2717 cigarrillos \u2717 comida \u2717 bebidas \u2717 Art\u00edculos innecesarios[\/vc_column_text][\/vc_column][vc_column width=\u00bb1\/4&#8243; css=\u00bb.vc_custom_1467207298589{margin-top: 10px !important;margin-bottom: 10px [&hellip;]\" \/>\n<meta property=\"og:url\" content=\"https:\/\/islasmarietas.com\/es\/tips-y-recomendaciones\/\" \/>\n<meta property=\"og:site_name\" content=\"Islas Marietas\" \/>\n<meta property=\"article:modified_time\" content=\"2020-10-14T16:25:03+00:00\" \/>\n<meta name=\"twitter:card\" content=\"summary_large_image\" \/>\n<meta name=\"twitter:label1\" content=\"Tiempo de lectura\" \/>\n\t<meta name=\"twitter:data1\" content=\"6 minutos\" \/>\n<script type=\"application\/ld+json\" class=\"yoast-schema-graph\">{\"@context\":\"https:\/\/schema.org\",\"@graph\":[{\"@type\":\"WebPage\",\"@id\":\"https:\/\/islasmarietas.com\/es\/tips-y-recomendaciones\/\",\"url\":\"https:\/\/islasmarietas.com\/es\/tips-y-recomendaciones\/\",\"name\":\"Tips y recomendaciones - Islas Marietas\",\"isPartOf\":{\"@id\":\"https:\/\/islasmarietas.com\/#website\"},\"datePublished\":\"2020-10-13T20:14:52+00:00\",\"dateModified\":\"2020-10-14T16:25:03+00:00\",\"breadcrumb\":{\"@id\":\"https:\/\/islasmarietas.com\/es\/tips-y-recomendaciones\/#breadcrumb\"},\"inLanguage\":\"es\",\"potentialAction\":[{\"@type\":\"ReadAction\",\"target\":[\"https:\/\/islasmarietas.com\/es\/tips-y-recomendaciones\/\"]}]},{\"@type\":\"BreadcrumbList\",\"@id\":\"https:\/\/islasmarietas.com\/es\/tips-y-recomendaciones\/#breadcrumb\",\"itemListElement\":[{\"@type\":\"ListItem\",\"position\":1,\"name\":\"Home\",\"item\":\"https:\/\/islasmarietas.com\/es\/\"},{\"@type\":\"ListItem\",\"position\":2,\"name\":\"Tips y recomendaciones\"}]},{\"@type\":\"WebSite\",\"@id\":\"https:\/\/islasmarietas.com\/#website\",\"url\":\"https:\/\/islasmarietas.com\/\",\"name\":\"Islas Marietas\",\"description\":\"Tours\",\"publisher\":{\"@id\":\"https:\/\/islasmarietas.com\/#organization\"},\"potentialAction\":[{\"@type\":\"SearchAction\",\"target\":{\"@type\":\"EntryPoint\",\"urlTemplate\":\"https:\/\/islasmarietas.com\/?s={search_term_string}\"},\"query-input\":{\"@type\":\"PropertyValueSpecification\",\"valueRequired\":true,\"valueName\":\"search_term_string\"}}],\"inLanguage\":\"es\"},{\"@type\":\"Organization\",\"@id\":\"https:\/\/islasmarietas.com\/#organization\",\"name\":\"Islas Marietas\",\"url\":\"https:\/\/islasmarietas.com\/\",\"logo\":{\"@type\":\"ImageObject\",\"inLanguage\":\"es\",\"@id\":\"https:\/\/islasmarietas.com\/#\/schema\/logo\/image\/\",\"url\":\"https:\/\/islasmarietas.com\/wp-content\/uploads\/2020\/09\/Islas-Marietas_Logo-1.png\",\"contentUrl\":\"https:\/\/islasmarietas.com\/wp-content\/uploads\/2020\/09\/Islas-Marietas_Logo-1.png\",\"width\":9523,\"height\":863,\"caption\":\"Islas Marietas\"},\"image\":{\"@id\":\"https:\/\/islasmarietas.com\/#\/schema\/logo\/image\/\"}}]}<\/script>\n<!-- \/ Yoast SEO plugin. -->","yoast_head_json":{"title":"Tips y recomendaciones - Islas Marietas","robots":{"index":"index","follow":"follow","max-snippet":"max-snippet:-1","max-image-preview":"max-image-preview:large","max-video-preview":"max-video-preview:-1"},"canonical":"https:\/\/islasmarietas.com\/es\/tips-y-recomendaciones\/","og_locale":"es_ES","og_type":"article","og_title":"Tips y recomendaciones - Islas Marietas","og_description":"[vc_row content_placement=\u00bbmiddle\u00bb][vc_column width=\u00bb2\/4&#8243; css=\u00bb.vc_custom_1467360650255{margin-top: 10px !important;margin-bottom: 10px !important;padding-top: 0px !important;padding-right: 40px !important;}\u00bb][\/vc_column][vc_column width=\u00bb1\/4&#8243; css=\u00bb.vc_custom_1467207292391{margin-top: 10px !important;margin-bottom: 10px !important;padding-top: 0px !important;}\u00bb][vc_column_text el_class=\u00bbnd_options_text_align_center_responsive\u00bb]Esta es una de las preguntas m\u00e1s frecuentes, ya que las Islas Marietas est\u00e1n protegidas por la UNESCO[\/vc_column_text][vc_column_text el_class=\u00bbnd_options_text_align_center_responsive\u00bb]Qu\u00e9 NO traer: \u2717 cigarrillos \u2717 comida \u2717 bebidas \u2717 Art\u00edculos innecesarios[\/vc_column_text][\/vc_column][vc_column width=\u00bb1\/4&#8243; css=\u00bb.vc_custom_1467207298589{margin-top: 10px !important;margin-bottom: 10px [&hellip;]","og_url":"https:\/\/islasmarietas.com\/es\/tips-y-recomendaciones\/","og_site_name":"Islas Marietas","article_modified_time":"2020-10-14T16:25:03+00:00","twitter_card":"summary_large_image","twitter_misc":{"Tiempo de lectura":"6 minutos"},"schema":{"@context":"https:\/\/schema.org","@graph":[{"@type":"WebPage","@id":"https:\/\/islasmarietas.com\/es\/tips-y-recomendaciones\/","url":"https:\/\/islasmarietas.com\/es\/tips-y-recomendaciones\/","name":"Tips y recomendaciones - Islas Marietas","isPartOf":{"@id":"https:\/\/islasmarietas.com\/#website"},"datePublished":"2020-10-13T20:14:52+00:00","dateModified":"2020-10-14T16:25:03+00:00","breadcrumb":{"@id":"https:\/\/islasmarietas.com\/es\/tips-y-recomendaciones\/#breadcrumb"},"inLanguage":"es","potentialAction":[{"@type":"ReadAction","target":["https:\/\/islasmarietas.com\/es\/tips-y-recomendaciones\/"]}]},{"@type":"BreadcrumbList","@id":"https:\/\/islasmarietas.com\/es\/tips-y-recomendaciones\/#breadcrumb","itemListElement":[{"@type":"ListItem","position":1,"name":"Home","item":"https:\/\/islasmarietas.com\/es\/"},{"@type":"ListItem","position":2,"name":"Tips y recomendaciones"}]},{"@type":"WebSite","@id":"https:\/\/islasmarietas.com\/#website","url":"https:\/\/islasmarietas.com\/","name":"Islas Marietas","description":"Tours","publisher":{"@id":"https:\/\/islasmarietas.com\/#organization"},"potentialAction":[{"@type":"SearchAction","target":{"@type":"EntryPoint","urlTemplate":"https:\/\/islasmarietas.com\/?s={search_term_string}"},"query-input":{"@type":"PropertyValueSpecification","valueRequired":true,"valueName":"search_term_string"}}],"inLanguage":"es"},{"@type":"Organization","@id":"https:\/\/islasmarietas.com\/#organization","name":"Islas Marietas","url":"https:\/\/islasmarietas.com\/","logo":{"@type":"ImageObject","inLanguage":"es","@id":"https:\/\/islasmarietas.com\/#\/schema\/logo\/image\/","url":"https:\/\/islasmarietas.com\/wp-content\/uploads\/2020\/09\/Islas-Marietas_Logo-1.png","contentUrl":"https:\/\/islasmarietas.com\/wp-content\/uploads\/2020\/09\/Islas-Marietas_Logo-1.png","width":9523,"height":863,"caption":"Islas Marietas"},"image":{"@id":"https:\/\/islasmarietas.com\/#\/schema\/logo\/image\/"}}]}},"_links":{"self":[{"href":"https:\/\/islasmarietas.com\/es\/wp-json\/wp\/v2\/pages\/2172","targetHints":{"allow":["GET"]}}],"collection":[{"href":"https:\/\/islasmarietas.com\/es\/wp-json\/wp\/v2\/pages"}],"about":[{"href":"https:\/\/islasmarietas.com\/es\/wp-json\/wp\/v2\/types\/page"}],"author":[{"embeddable":true,"href":"https:\/\/islasmarietas.com\/es\/wp-json\/wp\/v2\/users\/1"}],"replies":[{"embeddable":true,"href":"https:\/\/islasmarietas.com\/es\/wp-json\/wp\/v2\/comments?post=2172"}],"version-history":[{"count":3,"href":"https:\/\/islasmarietas.com\/es\/wp-json\/wp\/v2\/pages\/2172\/revisions"}],"predecessor-version":[{"id":2181,"href":"https:\/\/islasmarietas.com\/es\/wp-json\/wp\/v2\/pages\/2172\/revisions\/2181"}],"wp:attachment":[{"href":"https:\/\/islasmarietas.com\/es\/wp-json\/wp\/v2\/media?parent=2172"}],"curies":[{"name":"wp","href":"https:\/\/api.w.org\/{rel}","templated":true}]}}